{"id":1573,"date":"2024-05-03T14:28:58","date_gmt":"2024-05-03T12:28:58","guid":{"rendered":"https:\/\/domainedagrippa.com\/legal-notice\/"},"modified":"2024-10-01T14:57:27","modified_gmt":"2024-10-01T12:57:27","slug":"legal-notice","status":"publish","type":"page","link":"https:\/\/domainedagrippa.com\/en\/legal-notice\/","title":{"rendered":"Legal Notice"},"content":{"rendered":"\n<div class=\"wp-block-uagb-container uagb-block-d9406e86 alignfull uagb-is-root-container\"><div class=\"uagb-container-inner-blocks-wrap\">\n<div class=\"wp-block-uagb-advanced-heading uagb-block-9944c874\"><h2 class=\"uagb-heading-text\">Legal Notice<\/h2><\/div>\n\n\n\n<p>EDITOR<\/p>\n\n\n\n<p>The head office : SAS SEDA<\/p>\n\n\n\n<p>Adresse : 32 Chemin du Violet 38590 Saint-\u00c9tienne-de-Saint-Geoirs \u2013 France<\/p>\n\n\n\n<p>to the capital of 70 586\u20ac<\/p>\n\n\n\n<p>RCS 984 994 236<\/p>\n\n\n\n<p>ACCOMMODATION<\/p>\n\n\n\n<p>OVH \u2013 Soci\u00e9t\u00e9 \u00e0 Responsabilit\u00e9 Limit\u00e9e (SARL)<\/p>\n\n\n\n<p>SIRET : 424 761 419 00011<\/p>\n\n\n\n<p>Adress : 2 rue Kellermann \u2013 59100 Roubaix \u2013 France.<\/p>\n\n\n\n<p>Site designs : sitea.fr<\/p>\n\n\n\n<p>The site presents:<\/p>\n\n\n\n<p>Informative content<\/p>\n\n\n\n<p>Information technology and freedom law:<\/p>\n\n\n\n<p>The site is exempt from reporting to the Commission Nationale Informatique et Libert\u00e9s (CNIL) as it does not collect any data concerning users.<\/p>\n\n\n\n<p>Property: The site and the information it contains are protected by French law on intellectual property and by international conventions.<\/p>\n\n\n\n<p>Any use, reproduction, distribution, marketing, modification of all or part of this site, without authorization from the Publisher is prohibited and may result in legal actions and proceedings as provided for in particular by the Intellectual Property Code and the Civil Code.<\/p>\n\n\n\n<p>The User is informed that during his visits to the site, a cookie may be automatically installed on his browser software.<\/p>\n\n\n\n<p>A cookie is an element which does not identify the User but is used to record information relating to their navigation on the website. The User can deactivate this cookie using the settings in their browser software.<\/p>\n\n\n\n<p>More information on the page relating to cookies: Cookie policies<\/p>\n\n\n\n<p>After contacting Customer Service and in the absence of a satisfactory response within 60 days, In accordance with the provisions of the Consumer Code, the customer has the right to use the mediation service offered by our hotel free of charge. The consumer mediator thus proposed is the AME.<\/p>\n\n\n\n<p>It can be entered:<\/p>\n\n\n\n<p>\u2013 by Internet: www.mediationconso-ame.com;<\/p>\n\n\n\n<p>\u2013 or by post (by completing the form made available on the website): Consumer mediation AME- 197 Boulevard Saint-Germain \u2013 75007 PARIS \u00bb<\/p>\n\n\n\n<p>To no longer receive unsolicited commercial telephone calls, you can register on the Bloctel list: https:\/\/www.bloctel.gouv.fr\/<\/p>\n<\/div><\/div>\n\n<div class=\"wp-block-uagb-container uag-blocks-common-selector uagb-block-531c5588 default uagb-is-root-container\">\n<div class=\"wp-block-uagb-advanced-heading uagb-block-49b3bedc\"><h2 class=\"uagb-heading-text\">Start your adventure now<\/h2><\/div>\n\n\n\n<div class=\"wp-block-uagb-container uagb-block-06c0203d alignfull uagb-is-root-container\"><div class=\"uagb-container-inner-blocks-wrap\">\n<div class=\"wp-block-uagb-buttons uagb-buttons__outer-wrap uagb-btn__large-btn uagb-btn-tablet__default-btn uagb-btn-mobile__default-btn uagb-block-38137bad\"><div class=\"uagb-buttons__wrap uagb-buttons-layout-wrap \">\n<div class=\"wp-block-uagb-buttons-child uagb-buttons__outer-wrap uagb-block-45a5c977 wp-block-button\"><div class=\"uagb-button__wrapper\"><a class=\"uagb-buttons-repeater wp-block-button__link\" aria-label=\"\" href=\"offres-speciales\" rel=\"follow noopener\" target=\"_self\" role=\"button\"><div class=\"uagb-button__link\">Special offers<\/div><\/a><\/div><\/div>\n<\/div><\/div>\n\n\n\n<div class=\"wp-block-uagb-buttons uagb-buttons__outer-wrap uagb-btn__large-btn uagb-btn-tablet__default-btn uagb-btn-mobile__default-btn uagb-block-3e5996db\"><div class=\"uagb-buttons__wrap uagb-buttons-layout-wrap \">\n<div class=\"wp-block-uagb-buttons-child uagb-buttons__outer-wrap uagb-block-bbeec810 wp-block-button\"><div class=\"uagb-button__wrapper\"><a class=\"uagb-buttons-repeater wp-block-button__link\" aria-label=\"\" href=\"https:\/\/www.secure-hotel-booking.com\/Domaine-D-Agrippa\/J1F1\/\" rel=\"follow noopener\" target=\"_blank\" role=\"button\"><div class=\"uagb-button__link\">Book now<\/div><\/a><\/div><\/div>\n<\/div><\/div>\n<\/div><\/div>\n<\/div>\n\n<div class=\"wp-block-uagb-separator uagb-block-c9eb98a6\"><div class=\"wp-block-uagb-separator__inner\" style=\"--my-background-image:\"><\/div><\/div>\n\n<div class=\"wp-block-uagb-container uagb-block-6a67f3fd alignfull uagb-is-root-container\"><div class=\"uagb-container-inner-blocks-wrap\">\n<div class=\"wp-block-uagb-container uagb-block-23453776\">\n<div class=\"wp-block-uagb-advanced-heading uagb-block-0caf5e59\"><h3 class=\"uagb-heading-text\">Link<\/h3><\/div>\n\n\n\n<p><a href=\"https:\/\/domainedagrippa.com\/en\/legal-notice\/\" data-type=\"link\" data-id=\"https:\/\/domainedagrippa.com\/mentions-legales\/\">Legal Notice <br\/><\/a><a href=\"https:\/\/domainedagrippa.com\/politique-de-confidentialite\/\" data-type=\"link\" data-id=\"https:\/\/domainedagrippa.com\/politique-de-confidentialite\/\">Privacy policy<br\/><\/a><a href=\"https:\/\/domainedagrippa.com\/politique-de-cookies-ue\/\">Cookies policy <\/a><\/p>\n\n\n\n<p><\/p>\n<\/div>\n\n\n\n<div class=\"wp-block-uagb-container uagb-block-1eeef9f4\"><\/div>\n\n\n\n<div class=\"wp-block-uagb-container uagb-block-7ccdccf7\">\n<div class=\"wp-block-uagb-info-box uagb-block-b9ae8c2e uagb-infobox__content-wrap  uagb-infobox-icon-above-title uagb-infobox-image-valign-top\"><div class=\"uagb-ifb-content\"><div class=\"uagb-ifb-title-wrap\"><h3 class=\"uagb-ifb-title\">Contact<\/h3><\/div><p class=\"uagb-ifb-desc\">Email: <a href=\"mailto:bonjour@domainedagrippa.com\">bonjour@domainedagrippa.com<\/a><br\/>Phone: <a href=\"tel:0033475484602\">0033475484602 <\/a> <br\/>Location: <a href=\"https:\/\/www.google.com\/maps\/place\/\/data=!4m2!3m1!1s0x47f55a166fdd084f:0x3e2004540eb32ac4?sa=X&amp;ved=1t:8290&amp;ictx=111\" target=\"_blank\" rel=\"noopener\">925 route du Lac &#8211; Lac D&#8217;Aiguille, 26300 Ch\u00e2teauneuf-sur-Is\u00e8re<\/a><\/p><\/div><\/div>\n<\/div>\n<\/div><\/div>\n","protected":false},"excerpt":{"rendered":"<p>Legal Notice EDITOR The head office : SAS SEDA Adresse : 32 Chemin du Violet 38590 Saint-\u00c9tienne-de-Saint-Geoirs \u2013 France to [&hellip;]<\/p>\n","protected":false},"author":3,"featured_media":0,"parent":0,"menu_order":0,"comment_status":"closed","ping_status":"closed","template":"","meta":{"_uag_custom_page_level_css":"","site-sidebar-layout":"default","site-content-layout":"","ast-site-content-layout":"normal-width-container","site-content-style":"default","site-sidebar-style":"default","ast-global-header-display":"","ast-banner-title-visibility":"disabled","ast-main-header-display":"","ast-hfb-above-header-display":"","ast-hfb-below-header-display":"","ast-hfb-mobile-header-display":"","site-post-title":"","ast-breadcrumbs-content":"","ast-featured-img":"","footer-sml-layout":"","ast-disable-related-posts":"","theme-transparent-header-meta":"","adv-header-id-meta":"","stick-header-meta":"","header-above-stick-meta":"","header-main-stick-meta":"","header-below-stick-meta":"","astra-migrate-meta-layouts":"default","ast-page-background-enabled":"default","ast-page-background-meta":{"desktop":{"background-color":"var(--ast-global-color-4)","background-image":"","background-repeat":"repeat","background-position":"center center","background-size":"auto","background-attachment":"scroll","background-type":"","background-media":"","overlay-type":"","overlay-color":"","overlay-opacity":"","overlay-gradient":""},"tablet":{"background-color":"","background-image":"","background-repeat":"repeat","background-position":"center center","background-size":"auto","background-attachment":"scroll","background-type":"","background-media":"","overlay-type":"","overlay-color":"","overlay-opacity":"","overlay-gradient":""},"mobile":{"background-color":"","background-image":"","background-repeat":"repeat","background-position":"center center","background-size":"auto","background-attachment":"scroll","background-type":"","background-media":"","overlay-type":"","overlay-color":"","overlay-opacity":"","overlay-gradient":""}},"ast-content-background-meta":{"desktop":{"background-color":"var(--ast-global-color-5)","background-image":"","background-repeat":"repeat","background-position":"center center","background-size":"auto","background-attachment":"scroll","background-type":"","background-media":"","overlay-type":"","overlay-color":"","overlay-opacity":"","overlay-gradient":""},"tablet":{"background-color":"var(--ast-global-color-5)","background-image":"","background-repeat":"repeat","background-position":"center center","background-size":"auto","background-attachment":"scroll","background-type":"","background-media":"","overlay-type":"","overlay-color":"","overlay-opacity":"","overlay-gradient":""},"mobile":{"background-color":"var(--ast-global-color-5)","background-image":"","background-repeat":"repeat","background-position":"center center","background-size":"auto","background-attachment":"scroll","background-type":"","background-media":"","overlay-type":"","overlay-color":"","overlay-opacity":"","overlay-gradient":""}},"footnotes":""},"class_list":["post-1573","page","type-page","status-publish","hentry"],"uagb_featured_image_src":{"full":false,"thumbnail":false,"medium":false,"medium_large":false,"large":false,"1536x1536":false,"2048x2048":false},"uagb_author_info":{"display_name":"Patrick","author_link":"https:\/\/domainedagrippa.com\/en\/author\/dao53evxe8a1\/"},"uagb_comment_info":0,"uagb_excerpt":"Legal Notice EDITOR The head office : SAS SEDA Adresse : 32 Chemin du Violet 38590 Saint-\u00c9tienne-de-Saint-Geoirs \u2013 France to [&hellip;]","_links":{"self":[{"href":"https:\/\/domainedagrippa.com\/en\/wp-json\/wp\/v2\/pages\/1573","targetHints":{"allow":["GET"]}}],"collection":[{"href":"https:\/\/domainedagrippa.com\/en\/wp-json\/wp\/v2\/pages"}],"about":[{"href":"https:\/\/domainedagrippa.com\/en\/wp-json\/wp\/v2\/types\/page"}],"author":[{"embeddable":true,"href":"https:\/\/domainedagrippa.com\/en\/wp-json\/wp\/v2\/users\/3"}],"replies":[{"embeddable":true,"href":"https:\/\/domainedagrippa.com\/en\/wp-json\/wp\/v2\/comments?post=1573"}],"version-history":[{"count":1,"href":"https:\/\/domainedagrippa.com\/en\/wp-json\/wp\/v2\/pages\/1573\/revisions"}],"predecessor-version":[{"id":1574,"href":"https:\/\/domainedagrippa.com\/en\/wp-json\/wp\/v2\/pages\/1573\/revisions\/1574"}],"wp:attachment":[{"href":"https:\/\/domainedagrippa.com\/en\/wp-json\/wp\/v2\/media?parent=1573"}],"curies":[{"name":"wp","href":"https:\/\/api.w.org\/{rel}","templated":true}]}}